




{"id":14466,"date":"2021-12-27T15:34:39","date_gmt":"2021-12-27T20:34:39","guid":{"rendered":"https:\/\/fise.co\/faq\/"},"modified":"2021-12-27T15:34:40","modified_gmt":"2021-12-27T20:34:40","slug":"faq","status":"publish","type":"page","link":"https:\/\/fise.co\/en\/faq\/","title":{"rendered":"FAQ"},"content":{"rendered":"<p>[et_pb_section fb_built=&#8221;1&#8243; module_class=&#8221;overlay-background&#8221; _builder_version=&#8221;4.4.8&#8243; background_color=&#8221;#222c33&#8243; background_image=&#8221;https:\/\/fise.co\/wp-content\/uploads\/2020\/06\/cabezoteFAQ.jpg&#8221; parallax=&#8221;on&#8221; custom_padding=&#8221;0px||0px||false|false&#8221; global_colors_info=&#8221;{}&#8221;][et_pb_row column_structure=&#8221;2_5,3_5&#8243; make_equal=&#8221;on&#8221; _builder_version=&#8221;4.4.8&#8243; custom_padding=&#8221;80px||80px||true|false&#8221; custom_css_main_element=&#8221;align-items:center;&#8221; global_colors_info=&#8221;{}&#8221;][et_pb_column type=&#8221;2_5&#8243; _builder_version=&#8221;4.4.7&#8243; global_colors_info=&#8221;{}&#8221;][et_pb_text module_class=&#8221;barra-izquierda-titulo&#8221; _builder_version=&#8221;4.4.8&#8243; header_font=&#8221;|300|||||||&#8221; header_font_size=&#8221;56px&#8221; background_layout=&#8221;dark&#8221; global_colors_info=&#8221;{}&#8221;]<\/p>\n<h1><strong>FAQ<\/strong><\/h1>\n<p>[\/et_pb_text][\/et_pb_column][et_pb_column type=&#8221;3_5&#8243; _builder_version=&#8221;4.4.7&#8243; global_colors_info=&#8221;{}&#8221;][et_pb_text _builder_version=&#8221;4.4.8&#8243; text_font=&#8221;|300|||||||&#8221; text_font_size=&#8221;24px&#8221; text_line_height=&#8221;1.5em&#8221; header_text_align=&#8221;right&#8221; header_2_font=&#8221;|300|||||||&#8221; header_2_text_align=&#8221;right&#8221; background_layout=&#8221;dark&#8221; custom_margin=&#8221;17px|||||&#8221; global_colors_info=&#8221;{}&#8221;]<\/p>\n<h2>Frequently asked <strong>questions<\/strong><\/h2>\n<p>[\/et_pb_text][\/et_pb_column][\/et_pb_row][\/et_pb_section][et_pb_section fb_built=&#8221;1&#8243; _builder_version=&#8221;4.4.8&#8243; global_colors_info=&#8221;{}&#8221;][et_pb_row _builder_version=&#8221;4.4.8&#8243; global_colors_info=&#8221;{}&#8221;][et_pb_column type=&#8221;4_4&#8243; _builder_version=&#8221;4.4.8&#8243; global_colors_info=&#8221;{}&#8221;][et_pb_text _builder_version=&#8221;4.4.8&#8243; header_2_font=&#8221;|300|||||||&#8221; header_2_text_align=&#8221;center&#8221; custom_margin=&#8221;||-1px|||&#8221; global_colors_info=&#8221;{}&#8221;]<\/p>\n<h2>About <strong>FISE<\/strong><\/h2>\n<p>[\/et_pb_text][et_pb_divider divider_position=&#8221;center&#8221; divider_weight=&#8221;4px&#8221; _builder_version=&#8221;4.4.8&#8243; max_width=&#8221;64px&#8221; module_alignment=&#8221;center&#8221; custom_margin=&#8221;8px||8px||true|false&#8221; global_colors_info=&#8221;{}&#8221;][\/et_pb_divider][\/et_pb_column][\/et_pb_row][et_pb_row _builder_version=&#8221;4.4.8&#8243; custom_padding=&#8221;0px|||||&#8221; global_colors_info=&#8221;{}&#8221;][et_pb_column type=&#8221;4_4&#8243; _builder_version=&#8221;4.4.8&#8243; global_colors_info=&#8221;{}&#8221;][et_pb_toggle title=&#8221;\u00bfQu\u00e9 es FISE?&#8221; open_toggle_text_color=&#8221;#222c33&#8243; open_toggle_background_color=&#8221;rgba(34,44,51,0.05)&#8221; closed_toggle_background_color=&#8221;#222c33&#8243; icon_color=&#8221;#13e23f&#8221; use_icon_font_size=&#8221;on&#8221; icon_font_size=&#8221;24px&#8221; _builder_version=&#8221;4.4.8&#8243; title_text_color=&#8221;#ffffff&#8221; title_font=&#8221;|300|||||||&#8221; title_font_size=&#8221;24px&#8221; body_font_size=&#8221;14px&#8221; width=&#8221;960px&#8221; module_alignment=&#8221;center&#8221; border_width_all=&#8221;0px&#8221; global_colors_info=&#8221;{}&#8221;]<\/p>\n<p style=\"text-align: justify;\">Somos un programa liderado por la <strong><a href=\"https:\/\/www.camaramedellin.com.co\/\" target=\"_blank\" rel=\"noopener noreferrer\">C\u00e1mara de Comercio de Medell\u00edn para Antioquia<\/a> y el <a href=\"https:\/\/cidet.org.co\/\" target=\"_blank\" rel=\"noopener noreferrer\">CIDET<\/a>, con el <a href=\"https:\/\/www.camaramedellin.com.co\/comunidad-cluster\/comunidad-cluster\/cluster-energia-sostenible\" target=\"_blank\" rel=\"noopener noreferrer\"><em>Cluster<\/em> Energ\u00eda Sostenible<\/a><\/strong> como su aliado estrat\u00e9gico; promotor de negocios, relacionamiento, conocimiento y una vitrina comercial que acerca la industria el\u00e9ctrica al mercado y favorece su desarrollo y liderazgo.<\/p>\n<p>[\/et_pb_toggle][et_pb_toggle title=&#8221;\u00bfQu\u00e9 actividades realiza FISE?&#8221; open_toggle_text_color=&#8221;#222c33&#8243; open_toggle_background_color=&#8221;rgba(34,44,51,0.05)&#8221; closed_toggle_background_color=&#8221;#222c33&#8243; icon_color=&#8221;#13e23f&#8221; use_icon_font_size=&#8221;on&#8221; icon_font_size=&#8221;24px&#8221; _builder_version=&#8221;4.4.8&#8243; title_text_color=&#8221;#ffffff&#8221; title_font=&#8221;|300|||||||&#8221; title_font_size=&#8221;24px&#8221; body_font_size=&#8221;14px&#8221; width=&#8221;960px&#8221; module_alignment=&#8221;center&#8221; border_width_all=&#8221;0px&#8221; global_colors_info=&#8221;{}&#8221;]<\/p>\n<p style=\"text-align: justify;\">FISE\u00a0realiza actividades de conocimiento, negocios y relacionamiento en espacios diferentes a la Feria, los cuales pueden ser consultados en la p\u00e1gina web\u00a0www.fise.co<\/p>\n<p>[\/et_pb_toggle][et_pb_toggle title=&#8221;\u00bfQu\u00e9 es FISE connect?&#8221; open_toggle_text_color=&#8221;#222c33&#8243; open_toggle_background_color=&#8221;rgba(34,44,51,0.05)&#8221; closed_toggle_background_color=&#8221;#222c33&#8243; icon_color=&#8221;#13e23f&#8221; use_icon_font_size=&#8221;on&#8221; icon_font_size=&#8221;24px&#8221; _builder_version=&#8221;4.4.8&#8243; title_text_color=&#8221;#ffffff&#8221; title_font=&#8221;|300|||||||&#8221; title_font_size=&#8221;24px&#8221; body_font_size=&#8221;14px&#8221; width=&#8221;960px&#8221; module_alignment=&#8221;center&#8221; border_width_all=&#8221;0px&#8221; global_colors_info=&#8221;{}&#8221;]<\/p>\n<p style=\"text-align: justify;\">Son espacios de interacci\u00f3n y networking que le permitir\u00e1n a tu compa\u00f1\u00eda relacionarse y tener la oportunidad de promover tus productos y servicios.<\/p>\n<p>[\/et_pb_toggle][et_pb_toggle title=&#8221;\u00bfQu\u00e9 es FISE talks?&#8221; open_toggle_text_color=&#8221;#222c33&#8243; open_toggle_background_color=&#8221;rgba(34,44,51,0.05)&#8221; closed_toggle_background_color=&#8221;#222c33&#8243; icon_color=&#8221;#13e23f&#8221; use_icon_font_size=&#8221;on&#8221; icon_font_size=&#8221;24px&#8221; _builder_version=&#8221;4.4.8&#8243; title_text_color=&#8221;#ffffff&#8221; title_font=&#8221;|300|||||||&#8221; title_font_size=&#8221;24px&#8221; body_font_size=&#8221;14px&#8221; width=&#8221;960px&#8221; module_alignment=&#8221;center&#8221; border_width_all=&#8221;0px&#8221; global_colors_info=&#8221;{}&#8221;]<\/p>\n<p style=\"text-align: justify;\">Eventos acad\u00e9micos que te conectar\u00e1n con los cambios del mercado y las nuevas oportunidades de la industria.<\/p>\n<p>[\/et_pb_toggle][et_pb_toggle title=&#8221;\u00bfQu\u00e9 es FISE start?&#8221; open_toggle_text_color=&#8221;#222c33&#8243; open_toggle_background_color=&#8221;rgba(34,44,51,0.05)&#8221; closed_toggle_background_color=&#8221;#222c33&#8243; icon_color=&#8221;#13e23f&#8221; use_icon_font_size=&#8221;on&#8221; icon_font_size=&#8221;24px&#8221; _builder_version=&#8221;4.4.8&#8243; title_text_color=&#8221;#ffffff&#8221; title_font=&#8221;|300|||||||&#8221; title_font_size=&#8221;24px&#8221; body_font_size=&#8221;14px&#8221; width=&#8221;960px&#8221; module_alignment=&#8221;center&#8221; border_width_all=&#8221;0px&#8221; global_colors_info=&#8221;{}&#8221;]<\/p>\n<p style=\"text-align: justify;\">Visibilizamos iniciativas de innovaci\u00f3n y emprendimiento a trav\u00e9s de actividades que promueven su difusi\u00f3n y conexi\u00f3n con oportunidades de desarrollo.<\/p>\n<p>[\/et_pb_toggle][\/et_pb_column][\/et_pb_row][et_pb_row _builder_version=&#8221;4.4.8&#8243; global_colors_info=&#8221;{}&#8221;][et_pb_column type=&#8221;4_4&#8243; _builder_version=&#8221;4.4.8&#8243; global_colors_info=&#8221;{}&#8221;][et_pb_text _builder_version=&#8221;4.4.8&#8243; header_2_font=&#8221;|300|||||||&#8221; header_2_text_align=&#8221;center&#8221; custom_margin=&#8221;||-6px|||&#8221; global_colors_info=&#8221;{}&#8221;]<\/p>\n<h2>Sobre la <strong>Feria<\/strong>\u00a0<strong>FISE<\/strong><\/h2>\n<p>[\/et_pb_text][et_pb_divider divider_position=&#8221;center&#8221; divider_weight=&#8221;4px&#8221; _builder_version=&#8221;4.4.8&#8243; max_width=&#8221;64px&#8221; module_alignment=&#8221;center&#8221; custom_margin=&#8221;8px||8px||true|false&#8221; global_colors_info=&#8221;{}&#8221;][\/et_pb_divider][\/et_pb_column][\/et_pb_row][et_pb_row _builder_version=&#8221;4.4.8&#8243; min_height=&#8221;724px&#8221; custom_padding=&#8221;2px||5px|||&#8221; global_colors_info=&#8221;{}&#8221;][et_pb_column type=&#8221;4_4&#8243; _builder_version=&#8221;4.4.8&#8243; global_colors_info=&#8221;{}&#8221;][et_pb_toggle title=&#8221;\u00bfDe qu\u00e9 se trata la Feria FISE?&#8221; open_toggle_text_color=&#8221;#222c33&#8243; open_toggle_background_color=&#8221;rgba(34,44,51,0.05)&#8221; closed_toggle_background_color=&#8221;#222c33&#8243; icon_color=&#8221;#13e23f&#8221; use_icon_font_size=&#8221;on&#8221; icon_font_size=&#8221;24px&#8221; _builder_version=&#8221;4.11.0&#8243; title_text_color=&#8221;#ffffff&#8221; title_font=&#8221;|300|||||||&#8221; title_font_size=&#8221;24px&#8221; body_font_size=&#8221;14px&#8221; width=&#8221;960px&#8221; module_alignment=&#8221;center&#8221; hover_enabled=&#8221;0&#8243; border_width_all=&#8221;0px&#8221; global_colors_info=&#8221;{}&#8221; sticky_enabled=&#8221;0&#8243;]<\/p>\n<p style=\"text-align: justify;\">La Feria FISE naci\u00f3 en el a\u00f1o 2006 y su objetivo general es &#8220;Fortalecer y promocionar la industria el\u00e9ctrica colombiana como un pilar estrat\u00e9gico que contribuya al desarrollo de la regi\u00f3n y el pa\u00eds, de tal manera que se incremente su participaci\u00f3n en los mercados nacionales e internacionales&#8221;.<\/p>\n<p>[\/et_pb_toggle][et_pb_toggle title=&#8221; \u00bfQu\u00e9 ofrece la Feria FISE?&#8221; open_toggle_text_color=&#8221;#222c33&#8243; open_toggle_background_color=&#8221;rgba(34,44,51,0.05)&#8221; closed_toggle_background_color=&#8221;#222c33&#8243; icon_color=&#8221;#13e23f&#8221; use_icon_font_size=&#8221;on&#8221; icon_font_size=&#8221;24px&#8221; _builder_version=&#8221;4.4.8&#8243; title_text_color=&#8221;#ffffff&#8221; title_font=&#8221;|300|||||||&#8221; title_font_size=&#8221;24px&#8221; body_font_size=&#8221;14px&#8221; width=&#8221;960px&#8221; module_alignment=&#8221;center&#8221; border_width_all=&#8221;0px&#8221; global_colors_info=&#8221;{}&#8221;]<\/p>\n<p style=\"text-align: justify;\">La feria FISE es un espacio comercial y acad\u00e9mico, sectorial, especializado, con proyecci\u00f3n internacional, alto valor agregado y nivel superior en t\u00e9rminos de la calidad de sus expositores, compradores, visitantes, panelistas y conferencistas.www.fise.co<\/p>\n<p>[\/et_pb_toggle][et_pb_toggle title=&#8221;\u00bfC\u00f3mo reservo un stand en la Feria FISE?&#8221; open_toggle_text_color=&#8221;#222c33&#8243; open_toggle_background_color=&#8221;rgba(34,44,51,0.05)&#8221; closed_toggle_background_color=&#8221;#222c33&#8243; icon_color=&#8221;#13e23f&#8221; use_icon_font_size=&#8221;on&#8221; icon_font_size=&#8221;24px&#8221; _builder_version=&#8221;4.4.8&#8243; title_text_color=&#8221;#ffffff&#8221; title_font=&#8221;|300|||||||&#8221; title_font_size=&#8221;24px&#8221; body_font_size=&#8221;14px&#8221; width=&#8221;960px&#8221; module_alignment=&#8221;center&#8221; border_width_all=&#8221;0px&#8221; global_colors_info=&#8221;{}&#8221;]<\/p>\n<p style=\"text-align: justify;\">Para reservar un stand debes comunicarte con nuestra coordinadora comercial Yuliana Arango, al tel\u00e9fono: <a href=\"tel:+5744449927\">(574) 444 99 27<\/a> opci\u00f3n 1, al celular: <a href=\"tel:+573113826453\">(57) 311 382 64 53<\/a> o al correo electr\u00f3nico: <a href=\"mailto:yuliana.arango@fise.co\" target=\"_blank\" rel=\"noopener noreferrer\">yuliana.arango@fise.co<\/a>, quien te dar\u00e1 toda la informaci\u00f3n sobre disponibilidad de stand y precios.<\/p>\n<p>[\/et_pb_toggle][et_pb_toggle title=&#8221;\u00bfC\u00f3mo opera la Zona Franca en Plaza Mayor?&#8221; open_toggle_text_color=&#8221;#222c33&#8243; open_toggle_background_color=&#8221;rgba(34,44,51,0.05)&#8221; closed_toggle_background_color=&#8221;#222c33&#8243; icon_color=&#8221;#13e23f&#8221; use_icon_font_size=&#8221;on&#8221; icon_font_size=&#8221;24px&#8221; _builder_version=&#8221;4.4.8&#8243; title_text_color=&#8221;#ffffff&#8221; title_font=&#8221;|300|||||||&#8221; title_font_size=&#8221;24px&#8221; body_font_size=&#8221;14px&#8221; width=&#8221;960px&#8221; module_alignment=&#8221;center&#8221; border_width_all=&#8221;0px&#8221; global_colors_info=&#8221;{}&#8221;]<\/p>\n<p style=\"text-align: justify;\">Plaza Mayor Medell\u00edn, presta el servicio de Zona Franca Transitoria, esta modalidad se identifica por ser de car\u00e1cter comercial y de servicios, facilitando el ingreso y salida de mercanc\u00eda internacional de sus clientes para sus ferias, eventos, proyectos, exhibiciones o muestras comerciales. Si deseas conocer m\u00e1s informaci\u00f3n sobre los beneficios y los pasos a seguir, ingrese al siguiente link www.plazamayor.com.co\/es\/servicios\/zona-franca-plaza-mayor.<\/p>\n<p>[\/et_pb_toggle][et_pb_toggle title=&#8221;\u00bfTiene costo el ingreso de visitantes a la Feria FISE?&#8221; open_toggle_text_color=&#8221;#222c33&#8243; open_toggle_background_color=&#8221;rgba(34,44,51,0.05)&#8221; closed_toggle_background_color=&#8221;#222c33&#8243; icon_color=&#8221;#13e23f&#8221; use_icon_font_size=&#8221;on&#8221; icon_font_size=&#8221;24px&#8221; _builder_version=&#8221;4.4.8&#8243; title_text_color=&#8221;#ffffff&#8221; title_font=&#8221;|300|||||||&#8221; title_font_size=&#8221;24px&#8221; body_font_size=&#8221;14px&#8221; width=&#8221;960px&#8221; module_alignment=&#8221;center&#8221; border_width_all=&#8221;0px&#8221; global_colors_info=&#8221;{}&#8221;]<\/p>\n<p style=\"text-align: justify;\">Asistir como visitante a la Feria FISE\u00a0no tienen ning\u00fan costo. Solo debes diligenciar un formulario de registro.<\/p>\n<p>[\/et_pb_toggle][et_pb_toggle title=&#8221;\u00bfD\u00f3nde puedo ver la programaci\u00f3n de la Feria FISE?&#8221; open_toggle_text_color=&#8221;#222c33&#8243; open_toggle_background_color=&#8221;rgba(34,44,51,0.05)&#8221; closed_toggle_background_color=&#8221;#222c33&#8243; icon_color=&#8221;#13e23f&#8221; use_icon_font_size=&#8221;on&#8221; icon_font_size=&#8221;24px&#8221; _builder_version=&#8221;4.11.0&#8243; title_text_color=&#8221;#ffffff&#8221; title_font=&#8221;|300|||||||&#8221; title_font_size=&#8221;24px&#8221; body_font_size=&#8221;14px&#8221; width=&#8221;960px&#8221; module_alignment=&#8221;center&#8221; hover_enabled=&#8221;0&#8243; border_width_all=&#8221;0px&#8221; global_colors_info=&#8221;{}&#8221; sticky_enabled=&#8221;0&#8243;]<\/p>\n<p style=\"text-align: justify;\">La programaci\u00f3n de la 9\u00aa Feria FISE podr\u00e1s consultarla desde febrero de 2022.<\/p>\n<p>[\/et_pb_toggle][\/et_pb_column][\/et_pb_row][\/et_pb_section]<\/p>\n","protected":false},"excerpt":{"rendered":"<p>FAQFrequently asked questionsAbout FISESomos un programa liderado por la C\u00e1mara de Comercio de Medell\u00edn para Antioquia y el CIDET, con el Cluster Energ\u00eda Sostenible como su aliado estrat\u00e9gico; promotor de negocios, relacionamiento, conocimiento y una vitrina comercial que acerca la industria el\u00e9ctrica al mercado y favorece su desarrollo y liderazgo.FISE\u00a0realiza actividades de conocimiento, negocios y [&hellip;]<\/p>\n","protected":false},"author":1,"featured_media":0,"parent":0,"menu_order":0,"comment_status":"closed","ping_status":"closed","template":"","meta":{"_et_pb_use_builder":"on","_et_pb_old_content":"","_et_gb_content_width":"","inline_featured_image":false,"footnotes":""},"dipi_cpt_category":[],"wf_page_folders":[21],"class_list":["post-14466","page","type-page","status-publish","hentry"],"yoast_head":"<!-- This site is optimized with the Yoast SEO plugin v27.0 - https:\/\/yoast.com\/product\/yoast-seo-wordpress\/ -->\n<title>FAQ - FISE<\/title>\n<meta name=\"robots\" content=\"index, follow, max-snippet:-1, max-image-preview:large, max-video-preview:-1\" \/>\n<link rel=\"canonical\" href=\"https:\/\/fise.co\/en\/faq\/\" \/>\n<meta property=\"og:locale\" content=\"en_US\" \/>\n<meta property=\"og:type\" content=\"article\" \/>\n<meta property=\"og:title\" content=\"FAQ - FISE\" \/>\n<meta property=\"og:description\" content=\"FAQFrequently asked questionsAbout FISESomos un programa liderado por la C\u00e1mara de Comercio de Medell\u00edn para Antioquia y el CIDET, con el Cluster Energ\u00eda Sostenible como su aliado estrat\u00e9gico; promotor de negocios, relacionamiento, conocimiento y una vitrina comercial que acerca la industria el\u00e9ctrica al mercado y favorece su desarrollo y liderazgo.FISE\u00a0realiza actividades de conocimiento, negocios y [&hellip;]\" \/>\n<meta property=\"og:url\" content=\"https:\/\/fise.co\/en\/faq\/\" \/>\n<meta property=\"og:site_name\" content=\"FISE\" \/>\n<meta property=\"article:modified_time\" content=\"2021-12-27T20:34:40+00:00\" \/>\n<meta name=\"twitter:card\" content=\"summary_large_image\" \/>\n<meta name=\"twitter:label1\" content=\"Est. reading time\" \/>\n\t<meta name=\"twitter:data1\" content=\"8 minutes\" \/>\n<script type=\"application\/ld+json\" class=\"yoast-schema-graph\">{\"@context\":\"https:\/\/schema.org\",\"@graph\":[{\"@type\":\"WebPage\",\"@id\":\"https:\/\/fise.co\/en\/faq\/\",\"url\":\"https:\/\/fise.co\/en\/faq\/\",\"name\":\"FAQ - FISE\",\"isPartOf\":{\"@id\":\"https:\/\/fise.co\/en\/#website\"},\"datePublished\":\"2021-12-27T20:34:39+00:00\",\"dateModified\":\"2021-12-27T20:34:40+00:00\",\"breadcrumb\":{\"@id\":\"https:\/\/fise.co\/en\/faq\/#breadcrumb\"},\"inLanguage\":\"en-US\",\"potentialAction\":[{\"@type\":\"ReadAction\",\"target\":[\"https:\/\/fise.co\/en\/faq\/\"]}]},{\"@type\":\"BreadcrumbList\",\"@id\":\"https:\/\/fise.co\/en\/faq\/#breadcrumb\",\"itemListElement\":[{\"@type\":\"ListItem\",\"position\":1,\"name\":\"Home\",\"item\":\"https:\/\/fise.co\/en\/\"},{\"@type\":\"ListItem\",\"position\":2,\"name\":\"FAQ\"}]},{\"@type\":\"WebSite\",\"@id\":\"https:\/\/fise.co\/en\/#website\",\"url\":\"https:\/\/fise.co\/en\/\",\"name\":\"FISE\",\"description\":\"Transforma la energ\u00eda en buenos negocios\",\"potentialAction\":[{\"@type\":\"SearchAction\",\"target\":{\"@type\":\"EntryPoint\",\"urlTemplate\":\"https:\/\/fise.co\/en\/?s={search_term_string}\"},\"query-input\":{\"@type\":\"PropertyValueSpecification\",\"valueRequired\":true,\"valueName\":\"search_term_string\"}}],\"inLanguage\":\"en-US\"}]}<\/script>\n<!-- \/ Yoast SEO plugin. -->","yoast_head_json":{"title":"FAQ - FISE","robots":{"index":"index","follow":"follow","max-snippet":"max-snippet:-1","max-image-preview":"max-image-preview:large","max-video-preview":"max-video-preview:-1"},"canonical":"https:\/\/fise.co\/en\/faq\/","og_locale":"en_US","og_type":"article","og_title":"FAQ - FISE","og_description":"FAQFrequently asked questionsAbout FISESomos un programa liderado por la C\u00e1mara de Comercio de Medell\u00edn para Antioquia y el CIDET, con el Cluster Energ\u00eda Sostenible como su aliado estrat\u00e9gico; promotor de negocios, relacionamiento, conocimiento y una vitrina comercial que acerca la industria el\u00e9ctrica al mercado y favorece su desarrollo y liderazgo.FISE\u00a0realiza actividades de conocimiento, negocios y [&hellip;]","og_url":"https:\/\/fise.co\/en\/faq\/","og_site_name":"FISE","article_modified_time":"2021-12-27T20:34:40+00:00","twitter_card":"summary_large_image","twitter_misc":{"Est. reading time":"8 minutes"},"schema":{"@context":"https:\/\/schema.org","@graph":[{"@type":"WebPage","@id":"https:\/\/fise.co\/en\/faq\/","url":"https:\/\/fise.co\/en\/faq\/","name":"FAQ - FISE","isPartOf":{"@id":"https:\/\/fise.co\/en\/#website"},"datePublished":"2021-12-27T20:34:39+00:00","dateModified":"2021-12-27T20:34:40+00:00","breadcrumb":{"@id":"https:\/\/fise.co\/en\/faq\/#breadcrumb"},"inLanguage":"en-US","potentialAction":[{"@type":"ReadAction","target":["https:\/\/fise.co\/en\/faq\/"]}]},{"@type":"BreadcrumbList","@id":"https:\/\/fise.co\/en\/faq\/#breadcrumb","itemListElement":[{"@type":"ListItem","position":1,"name":"Home","item":"https:\/\/fise.co\/en\/"},{"@type":"ListItem","position":2,"name":"FAQ"}]},{"@type":"WebSite","@id":"https:\/\/fise.co\/en\/#website","url":"https:\/\/fise.co\/en\/","name":"FISE","description":"Transforma la energ\u00eda en buenos negocios","potentialAction":[{"@type":"SearchAction","target":{"@type":"EntryPoint","urlTemplate":"https:\/\/fise.co\/en\/?s={search_term_string}"},"query-input":{"@type":"PropertyValueSpecification","valueRequired":true,"valueName":"search_term_string"}}],"inLanguage":"en-US"}]}},"_links":{"self":[{"href":"https:\/\/fise.co\/en\/wp-json\/wp\/v2\/pages\/14466","targetHints":{"allow":["GET"]}}],"collection":[{"href":"https:\/\/fise.co\/en\/wp-json\/wp\/v2\/pages"}],"about":[{"href":"https:\/\/fise.co\/en\/wp-json\/wp\/v2\/types\/page"}],"author":[{"embeddable":true,"href":"https:\/\/fise.co\/en\/wp-json\/wp\/v2\/users\/1"}],"replies":[{"embeddable":true,"href":"https:\/\/fise.co\/en\/wp-json\/wp\/v2\/comments?post=14466"}],"version-history":[{"count":2,"href":"https:\/\/fise.co\/en\/wp-json\/wp\/v2\/pages\/14466\/revisions"}],"predecessor-version":[{"id":14468,"href":"https:\/\/fise.co\/en\/wp-json\/wp\/v2\/pages\/14466\/revisions\/14468"}],"wp:attachment":[{"href":"https:\/\/fise.co\/en\/wp-json\/wp\/v2\/media?parent=14466"}],"wp:term":[{"taxonomy":"dipi_cpt_category","embeddable":true,"href":"https:\/\/fise.co\/en\/wp-json\/wp\/v2\/dipi_cpt_category?post=14466"},{"taxonomy":"wf_page_folders","embeddable":true,"href":"https:\/\/fise.co\/en\/wp-json\/wp\/v2\/wf_page_folders?post=14466"}],"curies":[{"name":"wp","href":"https:\/\/api.w.org\/{rel}","templated":true}]}}