




{"id":14441,"date":"2021-12-27T14:54:43","date_gmt":"2021-12-27T19:54:43","guid":{"rendered":"https:\/\/fise.co\/communications-kit\/"},"modified":"2021-12-27T15:56:26","modified_gmt":"2021-12-27T20:56:26","slug":"communications-kit","status":"publish","type":"page","link":"https:\/\/fise.co\/en\/feria-fise\/exhibitors\/communications-kit\/","title":{"rendered":"Communications kit"},"content":{"rendered":"<p>[et_pb_section fb_built=&#8221;1&#8243; module_class=&#8221;overlay-background&#8221; _builder_version=&#8221;4.11.0&#8243; background_color=&#8221;#3a4b56&#8243; background_image=&#8221;https:\/\/fise.co\/wp-content\/uploads\/2021\/10\/cabezote-Kit.jpg&#8221; parallax=&#8221;on&#8221; custom_padding=&#8221;0px||0px||false|false&#8221; global_colors_info=&#8221;{}&#8221;][et_pb_row column_structure=&#8221;2_5,3_5&#8243; make_equal=&#8221;on&#8221; _builder_version=&#8221;4.11.0&#8243; width=&#8221;90%&#8221; custom_padding=&#8221;128px||128px||true|false&#8221; custom_css_main_element=&#8221;align-items:center;&#8221; global_colors_info=&#8221;{}&#8221;][et_pb_column type=&#8221;2_5&#8243; _builder_version=&#8221;4.4.7&#8243; global_colors_info=&#8221;{}&#8221;][et_pb_text module_class=&#8221;barra-izquierda-titulo&#8221; _builder_version=&#8221;4.11.0&#8243; header_font=&#8221;|300|||||||&#8221; header_font_size=&#8221;56px&#8221; background_layout=&#8221;dark&#8221; global_colors_info=&#8221;{}&#8221;]<\/p>\n<h1><strong>Communications kit<\/strong> for exhibitors FISE<\/h1>\n<p>[\/et_pb_text][\/et_pb_column][et_pb_column type=&#8221;3_5&#8243; _builder_version=&#8221;4.4.7&#8243; global_colors_info=&#8221;{}&#8221;][et_pb_text _builder_version=&#8221;4.11.0&#8243; text_font=&#8221;|300|||||||&#8221; text_font_size=&#8221;24px&#8221; text_line_height=&#8221;1.5em&#8221; background_layout=&#8221;dark&#8221; global_colors_info=&#8221;{}&#8221;]<\/p>\n<p>Nuestros objetivos comunicacionales est\u00e1n enfocados en\u00a0<strong>generar una comunidad activa entorno al Industria El\u00e9ctrica<\/strong>, que participe y aproveche todos los contenidos de valor que se producen desde y para FISE.<\/p>\n<p>[\/et_pb_text][\/et_pb_column][\/et_pb_row][\/et_pb_section][et_pb_section fb_built=&#8221;1&#8243; _builder_version=&#8221;4.4.7&#8243; custom_padding=&#8221;||12px|||&#8221; global_colors_info=&#8221;{}&#8221;][et_pb_row column_structure=&#8221;1_2,1_2&#8243; _builder_version=&#8221;4.11.0&#8243; max_width=&#8221;1200px&#8221; custom_padding=&#8221;||20px|||&#8221; global_colors_info=&#8221;{}&#8221;][et_pb_column type=&#8221;1_2&#8243; _builder_version=&#8221;4.4.7&#8243; global_colors_info=&#8221;{}&#8221;][et_pb_text _builder_version=&#8221;4.11.0&#8243; global_colors_info=&#8221;{}&#8221;]<\/p>\n<p>Contamos con diversas plataformas que integran la estrategia comunicacional, siendo un espacio donde puedan encontrar informaci\u00f3n de actualidad generada desde FISE para divulgar noticias y aconteceres relacionados con la feria.<\/p>\n<p>[\/et_pb_text][\/et_pb_column][et_pb_column type=&#8221;1_2&#8243; _builder_version=&#8221;4.4.7&#8243; global_colors_info=&#8221;{}&#8221;][et_pb_image src=&#8221;https:\/\/fise.co\/wp-content\/uploads\/2021\/10\/Imagen-kit.jpg&#8221; title_text=&#8221;Imagen-kit&#8221; _builder_version=&#8221;4.11.0&#8243; _module_preset=&#8221;default&#8221; global_colors_info=&#8221;{}&#8221;][\/et_pb_image][\/et_pb_column][\/et_pb_row][et_pb_row _builder_version=&#8221;4.4.7&#8243; global_colors_info=&#8221;{}&#8221;][et_pb_column type=&#8221;4_4&#8243; _builder_version=&#8221;4.4.7&#8243; global_colors_info=&#8221;{}&#8221;][et_pb_button button_url=&#8221;https:\/\/fise.co\/wp-content\/uploads\/2021\/10\/Guia-de-Contenidos-para-Expositores.pdf&#8221; url_new_window=&#8221;on&#8221; button_text=&#8221;Descarga la gu\u00eda de contenidos&#8221; button_alignment=&#8221;center&#8221; _builder_version=&#8221;4.11.0&#8243; hover_enabled=&#8221;0&#8243; global_colors_info=&#8221;{}&#8221; sticky_enabled=&#8221;0&#8243;][\/et_pb_button][\/et_pb_column][\/et_pb_row][\/et_pb_section][et_pb_section fb_built=&#8221;1&#8243; _builder_version=&#8221;4.11.0&#8243; _module_preset=&#8221;default&#8221; background_color=&#8221;RGBA(34,44,51,0.15)&#8221; custom_padding=&#8221;33px||26px|||&#8221; global_colors_info=&#8221;{}&#8221;][et_pb_row _builder_version=&#8221;4.11.0&#8243; _module_preset=&#8221;default&#8221; max_width=&#8221;1200px&#8221; global_colors_info=&#8221;{}&#8221;][et_pb_column type=&#8221;4_4&#8243; _builder_version=&#8221;4.11.0&#8243; _module_preset=&#8221;default&#8221; global_colors_info=&#8221;{}&#8221;][et_pb_text _builder_version=&#8221;4.11.0&#8243; _module_preset=&#8221;default&#8221; header_2_text_align=&#8221;center&#8221; global_colors_info=&#8221;{}&#8221;]<\/p>\n<h2><strong>Redes Sociales de FISE<\/strong><\/h2>\n<p>[\/et_pb_text][\/et_pb_column][\/et_pb_row][et_pb_row column_structure=&#8221;1_4,1_4,1_4,1_4&#8243; _builder_version=&#8221;4.11.0&#8243; _module_preset=&#8221;default&#8221; max_width=&#8221;1200px&#8221; global_colors_info=&#8221;{}&#8221;][et_pb_column type=&#8221;1_4&#8243; _builder_version=&#8221;4.11.0&#8243; _module_preset=&#8221;default&#8221; global_colors_info=&#8221;{}&#8221;][et_pb_text _builder_version=&#8221;4.11.0&#8243; _module_preset=&#8221;default&#8221; text_text_color=&#8221;#3A4B56&#8243; text_font_size=&#8221;60px&#8221; text_orientation=&#8221;center&#8221; link_option_url=&#8221;https:\/\/twitter.com\/FISE_Colombia&#8221; link_option_url_new_window=&#8221;on&#8221; global_colors_info=&#8221;{}&#8221; text_text_color__hover=&#8221;#13E23F&#8221; text_text_color__hover_enabled=&#8221;on|desktop&#8221;]<\/p>\n<p>Twiiter<\/p>\n<p>[\/et_pb_text][\/et_pb_column][et_pb_column type=&#8221;1_4&#8243; _builder_version=&#8221;4.11.0&#8243; _module_preset=&#8221;default&#8221; global_colors_info=&#8221;{}&#8221;][et_pb_text _builder_version=&#8221;4.11.0&#8243; _module_preset=&#8221;default&#8221; text_text_color=&#8221;#3A4B56&#8243; text_font_size=&#8221;60px&#8221; text_orientation=&#8221;center&#8221; link_option_url=&#8221;https:\/\/www.facebook.com\/FISEColombia&#8221; global_colors_info=&#8221;{}&#8221; text_text_color__hover_enabled=&#8221;on|desktop&#8221; text_text_color__hover=&#8221;#13E23F&#8221;]<\/p>\n<p>Facebook<\/p>\n<p>[\/et_pb_text][\/et_pb_column][et_pb_column type=&#8221;1_4&#8243; _builder_version=&#8221;4.11.0&#8243; _module_preset=&#8221;default&#8221; global_colors_info=&#8221;{}&#8221;][et_pb_text _builder_version=&#8221;4.11.0&#8243; _module_preset=&#8221;default&#8221; text_text_color=&#8221;#3A4B56&#8243; text_font_size=&#8221;60px&#8221; text_orientation=&#8221;center&#8221; link_option_url=&#8221;https:\/\/www.linkedin.com\/company\/fise-colombia\/&#8221; global_colors_info=&#8221;{}&#8221; text_text_color__hover=&#8221;#13E23F&#8221; text_text_color__hover_enabled=&#8221;on|desktop&#8221;]<\/p>\n<p>Linkedin<\/p>\n<p>[\/et_pb_text][\/et_pb_column][et_pb_column type=&#8221;1_4&#8243; _builder_version=&#8221;4.11.0&#8243; _module_preset=&#8221;default&#8221; global_colors_info=&#8221;{}&#8221;][et_pb_text _builder_version=&#8221;4.11.0&#8243; _module_preset=&#8221;default&#8221; text_text_color=&#8221;#3A4B56&#8243; text_font_size=&#8221;60px&#8221; text_orientation=&#8221;center&#8221; link_option_url=&#8221;https:\/\/www.youtube.com\/c\/FISEColombia&#8221; global_colors_info=&#8221;{}&#8221; text_text_color__hover=&#8221;#13E23F&#8221; text_text_color__hover_enabled=&#8221;on|desktop&#8221;]<\/p>\n<p>Youtube<\/p>\n<p>[\/et_pb_text][\/et_pb_column][\/et_pb_row][\/et_pb_section][et_pb_section fb_built=&#8221;1&#8243; _builder_version=&#8221;4.11.0&#8243; _module_preset=&#8221;default&#8221; background_color=&#8221;#222C33&#8243; custom_padding=&#8221;14px||34px|||&#8221; global_colors_info=&#8221;{}&#8221;][et_pb_row _builder_version=&#8221;4.11.0&#8243; _module_preset=&#8221;default&#8221; max_width=&#8221;800px&#8221; global_colors_info=&#8221;{}&#8221;][et_pb_column type=&#8221;4_4&#8243; _builder_version=&#8221;4.11.0&#8243; _module_preset=&#8221;default&#8221; global_colors_info=&#8221;{}&#8221;][et_pb_text _builder_version=&#8221;4.11.0&#8243; _module_preset=&#8221;default&#8221; header_2_text_align=&#8221;center&#8221; header_2_text_color=&#8221;#13E23F&#8221; global_colors_info=&#8221;{}&#8221;]<\/p>\n<h2><b>Frases para redes sociales<\/b><\/h2>\n<p>[\/et_pb_text][\/et_pb_column][\/et_pb_row][et_pb_row _builder_version=&#8221;4.11.0&#8243; _module_preset=&#8221;default&#8221; max_width=&#8221;800px&#8221; module_alignment=&#8221;center&#8221; global_colors_info=&#8221;{}&#8221;][et_pb_column type=&#8221;4_4&#8243; _builder_version=&#8221;4.11.0&#8243; _module_preset=&#8221;default&#8221; global_colors_info=&#8221;{}&#8221;][et_pb_text _builder_version=&#8221;4.11.0&#8243; _module_preset=&#8221;default&#8221; text_font=&#8221;||||||||&#8221; text_text_color=&#8221;#ffffff&#8221; text_font_size=&#8221;18px&#8221; text_line_height=&#8221;3em&#8221; global_colors_info=&#8221;{}&#8221;]<\/p>\n<p>Te presentamos un listado de copies que puedes usar en tus publicaciones en redes sociales:<\/p>\n<ul>\n<li>En la Feria\u00a0<strong>#FISE2022<\/strong>\u00a0podr\u00e1s encontrar las empresas y entidades m\u00e1s importantes de la #IndustriaEl\u00e9ctrica, podr\u00e1s hacer negocios, conocer tendencias y generar nuevos contactos. \u00a1Ent\u00e9rate m\u00e1s en www.fise.co!<\/li>\n<li>La Feria #FISE22 ser\u00e1 el espacio en donde podr\u00e1s hacer nuevos negocios y conocer los avances y tendencias de la #IndustriaEl\u00e9ctrica.<\/li>\n<li>Vis\u00edtanos en\u00a0<strong>#FISE2022<\/strong>, la plataforma comercial de la #IndustriaEl\u00e9ctrica donde podr\u00e1s hacer nuevos negocios y explorar nuevas tecnolog\u00edas.<strong>\u00a0Conoce m\u00e1s en www.fise.co<\/strong><br \/>Pabell\u00f3n: xxx<br \/>Stand: xxx<br \/>Fechas: del 5 al 7 de abril.<br \/>Lugar: Plaza Mayor \u2013 Medell\u00edn.<\/li>\n<li>Conoce c\u00f3mo fortalecer el sector productivo con tecnolog\u00edas energ\u00e9ticas m\u00e1s eficientes en #FISE2022 y actual\u00edzate con los avances y tendencia de la #IndustriaEl\u00e9ctrica.<\/li>\n<li>Las empresas m\u00e1s importantes de la #IndustriaEl\u00e9ctrica estar\u00e1n en la Feria #FISE2022 \u00a1No pierdas la oportunidad de conocer m\u00e1s de nuestra oferta! Conoce m\u00e1s de nuestra oferta en www.fise.co<\/li>\n<li>Acomp\u00e1\u00f1anos en #FISE2022 en nuestra charla<br \/>Progr\u00e1mate para asistir<br \/>D\u00eda:<br \/>Hora:<br \/>Lugar:<\/li>\n<\/ul>\n<p>[\/et_pb_text][et_pb_text _builder_version=&#8221;4.11.0&#8243; _module_preset=&#8221;default&#8221; header_4_text_color=&#8221;#13E23F&#8221; global_colors_info=&#8221;{}&#8221;]<\/p>\n<h4><b>Nuestro hashtag es #FISE2022<\/b><\/h4>\n<p>[\/et_pb_text][\/et_pb_column][\/et_pb_row][\/et_pb_section][et_pb_section fb_built=&#8221;1&#8243; _builder_version=&#8221;4.11.0&#8243; _module_preset=&#8221;default&#8221; custom_padding=&#8221;14px||43px|||&#8221; global_colors_info=&#8221;{}&#8221;][et_pb_row _builder_version=&#8221;4.11.0&#8243; _module_preset=&#8221;default&#8221; max_width=&#8221;1200px&#8221; custom_padding=&#8221;||0px|||&#8221; global_colors_info=&#8221;{}&#8221;][et_pb_column type=&#8221;4_4&#8243; _builder_version=&#8221;4.11.0&#8243; _module_preset=&#8221;default&#8221; global_colors_info=&#8221;{}&#8221;][et_pb_text _builder_version=&#8221;4.11.0&#8243; _module_preset=&#8221;default&#8221; header_2_text_align=&#8221;center&#8221; global_colors_info=&#8221;{}&#8221;]<\/p>\n<h2><strong>Piezas para la promoci\u00f3n<\/strong>\u00a0de la Feria FISE 2022<\/h2>\n<p>[\/et_pb_text][et_pb_text _builder_version=&#8221;4.11.0&#8243; _module_preset=&#8221;default&#8221; text_orientation=&#8221;center&#8221; custom_margin=&#8221;||-2px|||&#8221; global_colors_info=&#8221;{}&#8221;]<\/p>\n<p>Haz clic para descargar las piezas gen\u00e9ricas para la promoci\u00f3n de la Feria FISE 2022 en cada uno de los botones.<\/p>\n<p>[\/et_pb_text][\/et_pb_column][\/et_pb_row][et_pb_row column_structure=&#8221;1_5,1_5,1_5,1_5,1_5&#8243; _builder_version=&#8221;4.11.0&#8243; _module_preset=&#8221;default&#8221; max_width=&#8221;1200px&#8221; global_colors_info=&#8221;{}&#8221;][et_pb_column type=&#8221;1_5&#8243; _builder_version=&#8221;4.11.0&#8243; _module_preset=&#8221;default&#8221; global_colors_info=&#8221;{}&#8221;][et_pb_button button_url=&#8221;https:\/\/fise.co\/wp-content\/uploads\/2021\/10\/Kit-comunicaciones-feria-fise-pieza-twitter.png&#8221; url_new_window=&#8221;on&#8221; button_text=&#8221;Post Twitter&#8221; button_alignment=&#8221;center&#8221; _builder_version=&#8221;4.11.0&#8243; _module_preset=&#8221;default&#8221; custom_button=&#8221;on&#8221; button_text_size=&#8221;18px&#8221; button_text_color=&#8221;#13E23F&#8221; button_bg_color=&#8221;#222C33&#8243; button_border_width=&#8221;0px&#8221; global_colors_info=&#8221;{}&#8221;][\/et_pb_button][\/et_pb_column][et_pb_column type=&#8221;1_5&#8243; _builder_version=&#8221;4.11.0&#8243; _module_preset=&#8221;default&#8221; global_colors_info=&#8221;{}&#8221;][et_pb_button button_url=&#8221;https:\/\/fise.co\/wp-content\/uploads\/2021\/10\/Kit-comunicaciones-feria-fise-pieza-facebook.png&#8221; url_new_window=&#8221;on&#8221; button_text=&#8221;Post Facebook&#8221; button_alignment=&#8221;center&#8221; _builder_version=&#8221;4.11.0&#8243; _module_preset=&#8221;default&#8221; custom_button=&#8221;on&#8221; button_text_size=&#8221;18px&#8221; button_text_color=&#8221;#13E23F&#8221; button_bg_color=&#8221;#222C33&#8243; button_border_width=&#8221;0px&#8221; global_colors_info=&#8221;{}&#8221;][\/et_pb_button][\/et_pb_column][et_pb_column type=&#8221;1_5&#8243; _builder_version=&#8221;4.11.0&#8243; _module_preset=&#8221;default&#8221; global_colors_info=&#8221;{}&#8221;][et_pb_button button_url=&#8221;https:\/\/fise.co\/wp-content\/uploads\/2021\/10\/Kit-comunicaciones-feria-fise-pieza-linkedin.png&#8221; url_new_window=&#8221;on&#8221; button_text=&#8221;Post LinkedIn&#8221; button_alignment=&#8221;center&#8221; _builder_version=&#8221;4.11.0&#8243; _module_preset=&#8221;default&#8221; custom_button=&#8221;on&#8221; button_text_size=&#8221;18px&#8221; button_text_color=&#8221;#13E23F&#8221; button_bg_color=&#8221;#222C33&#8243; button_border_width=&#8221;0px&#8221; global_colors_info=&#8221;{}&#8221;][\/et_pb_button][\/et_pb_column][et_pb_column type=&#8221;1_5&#8243; _builder_version=&#8221;4.11.0&#8243; _module_preset=&#8221;default&#8221; global_colors_info=&#8221;{}&#8221;][et_pb_button button_url=&#8221;https:\/\/fise.co\/wp-content\/uploads\/2021\/10\/Kit-comunicaciones-feria-fise-pieza-facebook.png&#8221; url_new_window=&#8221;on&#8221; button_text=&#8221;Post Instagram&#8221; button_alignment=&#8221;center&#8221; _builder_version=&#8221;4.11.0&#8243; _module_preset=&#8221;default&#8221; custom_button=&#8221;on&#8221; button_text_size=&#8221;18px&#8221; button_text_color=&#8221;#13E23F&#8221; button_bg_color=&#8221;#222C33&#8243; button_border_width=&#8221;0px&#8221; global_colors_info=&#8221;{}&#8221;][\/et_pb_button][\/et_pb_column][et_pb_column type=&#8221;1_5&#8243; _builder_version=&#8221;4.11.0&#8243; _module_preset=&#8221;default&#8221; global_colors_info=&#8221;{}&#8221;][et_pb_button button_url=&#8221;https:\/\/fise.co\/wp-content\/uploads\/2021\/10\/Kit-comunicaciones-feria-fise-pieza-stories.png&#8221; url_new_window=&#8221;on&#8221; button_text=&#8221;Stories&#8221; button_alignment=&#8221;center&#8221; _builder_version=&#8221;4.11.0&#8243; _module_preset=&#8221;default&#8221; custom_button=&#8221;on&#8221; button_text_size=&#8221;18px&#8221; button_text_color=&#8221;#13E23F&#8221; button_bg_color=&#8221;#222C33&#8243; button_border_width=&#8221;0px&#8221; global_colors_info=&#8221;{}&#8221;][\/et_pb_button][\/et_pb_column][\/et_pb_row][\/et_pb_section]<\/p>\n","protected":false},"excerpt":{"rendered":"<p>Communications kit for exhibitors FISENuestros objetivos comunicacionales est\u00e1n enfocados en\u00a0generar una comunidad activa entorno al Industria El\u00e9ctrica, que participe y aproveche todos los contenidos de valor que se producen desde y para FISE.Contamos con diversas plataformas que integran la estrategia comunicacional, siendo un espacio donde puedan encontrar informaci\u00f3n de actualidad generada desde FISE para divulgar [&hellip;]<\/p>\n","protected":false},"author":1,"featured_media":0,"parent":14473,"menu_order":20,"comment_status":"closed","ping_status":"closed","template":"","meta":{"_et_pb_use_builder":"on","_et_pb_old_content":"","_et_gb_content_width":"","inline_featured_image":false,"footnotes":""},"dipi_cpt_category":[],"wf_page_folders":[15],"class_list":["post-14441","page","type-page","status-publish","hentry"],"yoast_head":"<!-- This site is optimized with the Yoast SEO plugin v27.0 - https:\/\/yoast.com\/product\/yoast-seo-wordpress\/ -->\n<title>Communications kit - FISE<\/title>\n<meta name=\"robots\" content=\"index, follow, max-snippet:-1, max-image-preview:large, max-video-preview:-1\" \/>\n<link rel=\"canonical\" href=\"https:\/\/fise.co\/en\/feria-fise\/exhibitors\/communications-kit\/\" \/>\n<meta property=\"og:locale\" content=\"en_US\" \/>\n<meta property=\"og:type\" content=\"article\" \/>\n<meta property=\"og:title\" content=\"Communications kit - FISE\" \/>\n<meta property=\"og:description\" content=\"Communications kit for exhibitors FISENuestros objetivos comunicacionales est\u00e1n enfocados en\u00a0generar una comunidad activa entorno al Industria El\u00e9ctrica, que participe y aproveche todos los contenidos de valor que se producen desde y para FISE.Contamos con diversas plataformas que integran la estrategia comunicacional, siendo un espacio donde puedan encontrar informaci\u00f3n de actualidad generada desde FISE para divulgar [&hellip;]\" \/>\n<meta property=\"og:url\" content=\"https:\/\/fise.co\/en\/feria-fise\/exhibitors\/communications-kit\/\" \/>\n<meta property=\"og:site_name\" content=\"FISE\" \/>\n<meta property=\"article:modified_time\" content=\"2021-12-27T20:56:26+00:00\" \/>\n<meta name=\"twitter:card\" content=\"summary_large_image\" \/>\n<meta name=\"twitter:label1\" content=\"Est. reading time\" \/>\n\t<meta name=\"twitter:data1\" content=\"8 minutes\" \/>\n<script type=\"application\/ld+json\" class=\"yoast-schema-graph\">{\"@context\":\"https:\/\/schema.org\",\"@graph\":[{\"@type\":\"WebPage\",\"@id\":\"https:\/\/fise.co\/en\/feria-fise\/exhibitors\/communications-kit\/\",\"url\":\"https:\/\/fise.co\/en\/feria-fise\/exhibitors\/communications-kit\/\",\"name\":\"Communications kit - FISE\",\"isPartOf\":{\"@id\":\"https:\/\/fise.co\/en\/#website\"},\"datePublished\":\"2021-12-27T19:54:43+00:00\",\"dateModified\":\"2021-12-27T20:56:26+00:00\",\"breadcrumb\":{\"@id\":\"https:\/\/fise.co\/en\/feria-fise\/exhibitors\/communications-kit\/#breadcrumb\"},\"inLanguage\":\"en-US\",\"potentialAction\":[{\"@type\":\"ReadAction\",\"target\":[\"https:\/\/fise.co\/en\/feria-fise\/exhibitors\/communications-kit\/\"]}]},{\"@type\":\"BreadcrumbList\",\"@id\":\"https:\/\/fise.co\/en\/feria-fise\/exhibitors\/communications-kit\/#breadcrumb\",\"itemListElement\":[{\"@type\":\"ListItem\",\"position\":1,\"name\":\"Home\",\"item\":\"https:\/\/fise.co\/en\/\"},{\"@type\":\"ListItem\",\"position\":2,\"name\":\"FISE Fair\",\"item\":\"https:\/\/fise.co\/en\/feria-fise\/\"},{\"@type\":\"ListItem\",\"position\":3,\"name\":\"Exhibitors\",\"item\":\"https:\/\/fise.co\/en\/feria-fise\/exhibitors\/\"},{\"@type\":\"ListItem\",\"position\":4,\"name\":\"Communications kit\"}]},{\"@type\":\"WebSite\",\"@id\":\"https:\/\/fise.co\/en\/#website\",\"url\":\"https:\/\/fise.co\/en\/\",\"name\":\"FISE\",\"description\":\"Transforma la energ\u00eda en buenos negocios\",\"potentialAction\":[{\"@type\":\"SearchAction\",\"target\":{\"@type\":\"EntryPoint\",\"urlTemplate\":\"https:\/\/fise.co\/en\/?s={search_term_string}\"},\"query-input\":{\"@type\":\"PropertyValueSpecification\",\"valueRequired\":true,\"valueName\":\"search_term_string\"}}],\"inLanguage\":\"en-US\"}]}<\/script>\n<!-- \/ Yoast SEO plugin. -->","yoast_head_json":{"title":"Communications kit - FISE","robots":{"index":"index","follow":"follow","max-snippet":"max-snippet:-1","max-image-preview":"max-image-preview:large","max-video-preview":"max-video-preview:-1"},"canonical":"https:\/\/fise.co\/en\/feria-fise\/exhibitors\/communications-kit\/","og_locale":"en_US","og_type":"article","og_title":"Communications kit - FISE","og_description":"Communications kit for exhibitors FISENuestros objetivos comunicacionales est\u00e1n enfocados en\u00a0generar una comunidad activa entorno al Industria El\u00e9ctrica, que participe y aproveche todos los contenidos de valor que se producen desde y para FISE.Contamos con diversas plataformas que integran la estrategia comunicacional, siendo un espacio donde puedan encontrar informaci\u00f3n de actualidad generada desde FISE para divulgar [&hellip;]","og_url":"https:\/\/fise.co\/en\/feria-fise\/exhibitors\/communications-kit\/","og_site_name":"FISE","article_modified_time":"2021-12-27T20:56:26+00:00","twitter_card":"summary_large_image","twitter_misc":{"Est. reading time":"8 minutes"},"schema":{"@context":"https:\/\/schema.org","@graph":[{"@type":"WebPage","@id":"https:\/\/fise.co\/en\/feria-fise\/exhibitors\/communications-kit\/","url":"https:\/\/fise.co\/en\/feria-fise\/exhibitors\/communications-kit\/","name":"Communications kit - FISE","isPartOf":{"@id":"https:\/\/fise.co\/en\/#website"},"datePublished":"2021-12-27T19:54:43+00:00","dateModified":"2021-12-27T20:56:26+00:00","breadcrumb":{"@id":"https:\/\/fise.co\/en\/feria-fise\/exhibitors\/communications-kit\/#breadcrumb"},"inLanguage":"en-US","potentialAction":[{"@type":"ReadAction","target":["https:\/\/fise.co\/en\/feria-fise\/exhibitors\/communications-kit\/"]}]},{"@type":"BreadcrumbList","@id":"https:\/\/fise.co\/en\/feria-fise\/exhibitors\/communications-kit\/#breadcrumb","itemListElement":[{"@type":"ListItem","position":1,"name":"Home","item":"https:\/\/fise.co\/en\/"},{"@type":"ListItem","position":2,"name":"FISE Fair","item":"https:\/\/fise.co\/en\/feria-fise\/"},{"@type":"ListItem","position":3,"name":"Exhibitors","item":"https:\/\/fise.co\/en\/feria-fise\/exhibitors\/"},{"@type":"ListItem","position":4,"name":"Communications kit"}]},{"@type":"WebSite","@id":"https:\/\/fise.co\/en\/#website","url":"https:\/\/fise.co\/en\/","name":"FISE","description":"Transforma la energ\u00eda en buenos negocios","potentialAction":[{"@type":"SearchAction","target":{"@type":"EntryPoint","urlTemplate":"https:\/\/fise.co\/en\/?s={search_term_string}"},"query-input":{"@type":"PropertyValueSpecification","valueRequired":true,"valueName":"search_term_string"}}],"inLanguage":"en-US"}]}},"_links":{"self":[{"href":"https:\/\/fise.co\/en\/wp-json\/wp\/v2\/pages\/14441","targetHints":{"allow":["GET"]}}],"collection":[{"href":"https:\/\/fise.co\/en\/wp-json\/wp\/v2\/pages"}],"about":[{"href":"https:\/\/fise.co\/en\/wp-json\/wp\/v2\/types\/page"}],"author":[{"embeddable":true,"href":"https:\/\/fise.co\/en\/wp-json\/wp\/v2\/users\/1"}],"replies":[{"embeddable":true,"href":"https:\/\/fise.co\/en\/wp-json\/wp\/v2\/comments?post=14441"}],"version-history":[{"count":2,"href":"https:\/\/fise.co\/en\/wp-json\/wp\/v2\/pages\/14441\/revisions"}],"predecessor-version":[{"id":14443,"href":"https:\/\/fise.co\/en\/wp-json\/wp\/v2\/pages\/14441\/revisions\/14443"}],"up":[{"embeddable":true,"href":"https:\/\/fise.co\/en\/wp-json\/wp\/v2\/pages\/14473"}],"wp:attachment":[{"href":"https:\/\/fise.co\/en\/wp-json\/wp\/v2\/media?parent=14441"}],"wp:term":[{"taxonomy":"dipi_cpt_category","embeddable":true,"href":"https:\/\/fise.co\/en\/wp-json\/wp\/v2\/dipi_cpt_category?post=14441"},{"taxonomy":"wf_page_folders","embeddable":true,"href":"https:\/\/fise.co\/en\/wp-json\/wp\/v2\/wf_page_folders?post=14441"}],"curies":[{"name":"wp","href":"https:\/\/api.w.org\/{rel}","templated":true}]}}